{"id":425,"date":"2024-09-02T19:33:22","date_gmt":"2024-09-02T18:33:22","guid":{"rendered":"https:\/\/base.thebluegrow.com\/?page_id=425"},"modified":"2026-01-19T22:25:28","modified_gmt":"2026-01-19T22:25:28","slug":"politica-de-cookies","status":"publish","type":"page","link":"https:\/\/casaotoch.com\/gl\/politica-de-cookies\/","title":{"rendered":"Pol\u00edtica de cookies"},"content":{"rendered":"<h2 class=\"wp-block-heading\"><\/h2>\n\n\n\n<h4 class=\"wp-block-heading\">https:\/\/casaotoch.com\/<\/h4>\n\n\n\n<p>O acceso a este sitio web pode implicar o uso de cookies. As cookies son pequenas pezas de datos almacenadas no navegador que cada usuario utiliza \u2014nos distintos dispositivos que poidan empregar para navegar polo sitio\u2014 para que o servidor poida lembrar certa informaci\u00f3n que posteriormente s\u00f3 ser\u00e1 lida polo servidor que a creou. As cookies fan a navegaci\u00f3n m\u00e1is sinxela e amigable para o usuario, e non prexudican o dispositivo empregado para navegar polo sitio.<\/p>\n\n\n\n<p>As cookies son procesos automatizados que recollen informaci\u00f3n sobre as preferencias establecidas polo Usuario durante a s\u00faa visita ao Sitio Web, co obxectivo de reco\u00f1ecelo como Usuario e personalizar a s\u00faa experiencia e uso do Sitio Web; tam\u00e9n poden, por exemplo, axudar a identificar e resolver erros.<\/p>\n\n\n\n<p>A informaci\u00f3n recollida mediante cookies pode inclu\u00edr a data e a hora das visitas ao sitio web, as p\u00e1xinas vistas, o tempo pasado no sitio web e os sitios visitados inmediatamente antes e despois. Con todo, ningunha cookie permite ao sitio web contactar co usuario a trav\u00e9s do seu n\u00famero de tel\u00e9fono ou de calquera outro medio de contacto persoal. Ningunha cookie pode extraer informaci\u00f3n do disco duro do usuario nin roubar informaci\u00f3n persoal. A \u00fanica forma de que a informaci\u00f3n privada do Usuario se incl\u00faa no ficheiro de cookies \u00e9 se o Usuario proporciona esa informaci\u00f3n persoalmente ao servidor.<\/p>\n\n\n\n<p>As cookies que permiten identificar unha persoa consid\u00e9ranse datos persoais. En consecuencia, apl\u00edcaselles a Pol\u00edtica de privacidade descrita anteriormente. A este respecto, \u00e9 necesario o consentimento do Usuario para o seu uso. Este consentimento debe darse libremente, baseado nunha elecci\u00f3n aut\u00e9ntica, expresado mediante unha decisi\u00f3n afirmativa e positiva, previo ao tratamento inicial, e debe ser revogable e documentado.<\/p>\n\n\n\n<h4 class=\"wp-block-heading\">Cookies de primeira parte<\/h4>\n\n\n\n<p>Estas son cookies que se env\u00edan ao ordenador ou dispositivo do Usuario e son xestionadas exclusivamente por Casa Otoch para garantir que o sitio web funcione de xeito \u00f3ptimo. A informaci\u00f3n recollida util\u00edzase para mellorar a calidade do sitio web e do seu contido, as\u00ed como a experiencia do Usuario. Estas cookies permiten reco\u00f1ecer ao Usuario como visitante recorrente do sitio web e permiten personalizar o contido para ofrecer material que se axuste \u00e1s s\u00faas preferencias.<\/p>\n\n\n\n<h4 class=\"wp-block-heading\">Cookies de terceiros<\/h4>\n\n\n\n<p>Estas son cookies utilizadas e xestionadas por organizaci\u00f3ns externas que prestan servizos solicitados por Casa Otoch para mellorar o sitio web e a experiencia do usuario ao navegar polo sitio web. Os principais fins para os que se empregan as cookies de terceiros son recoller estat\u00edsticas de visitantes e analizar os datos de navegaci\u00f3n, \u00e9 dicir, como o usuario interact\u00faa co sitio web.<\/p>\n\n\n\n<p>A informaci\u00f3n recollida ref\u00edrese, por exemplo, ao n\u00famero de p\u00e1xinas visitadas, ao idioma, \u00e1 localizaci\u00f3n da direcci\u00f3n IP desde a que o Usuario accede ao sitio, ao n\u00famero de Usuarios que acceden ao sitio, \u00e1 frecuencia e recorrencia das visitas, \u00e1 duraci\u00f3n das visitas, ao navegador empregado e ao operador ou tipo de dispositivo desde o que se realiza a visita. Esta informaci\u00f3n util\u00edzase para mellorar o sitio web e identificar novas necesidades co fin de ofrecer aos usuarios contidos e\/ou servizos da m\u00e1is alta calidade. En todos os casos, a informaci\u00f3n rec\u00f3llese de xeito an\u00f3nimo e x\u00e9ranse informes sobre as tendencias do sitio web sen identificar usuarios individuais.<\/p>\n\n\n\n<p>Podes obter m\u00e1is informaci\u00f3n sobre as cookies e a privacidade, ou consultar unha descrici\u00f3n dos tipos de cookies empregados, as s\u00faas principais caracter\u00edsticas, as datas de caducidade, etc., a trav\u00e9s do seguinte enlace(s):<\/p>\n\n\n\n<pre class=\"wp-block-preformatted\">Google Analytics<\/pre>\n\n\n\n<p>A entidade ou entidades responsables de proporcionar as cookies poden revelar esta informaci\u00f3n a terceiros, sempre que as\u00ed o esixa a lei ou que un terceiro trate esta informaci\u00f3n por conta delas.<\/p>\n\n\n\n<h4 class=\"wp-block-heading\">Cookies das redes sociais<\/h4>\n\n\n\n<p>Casa Otoch incorpora complementos de redes sociais, que permiten aos usuarios acceder a estas plataformas a trav\u00e9s do sitio web. Por esta raz\u00f3n, as cookies de redes sociais poden almacenarse no navegador do usuario. Os operadores destas plataformas de redes sociais te\u00f1en as s\u00faas propias pol\u00edticas de protecci\u00f3n de datos e de cookies, e son eles mesmos responsables, en cada caso, dos seus propios ficheiros de datos e pr\u00e1cticas de privacidade. Os usuarios deben consultar estas pol\u00edticas para co\u00f1ecer estas cookies e, cando proceda, o tratamento dos seus datos persoais. A t\u00edtulo informativo, a continuaci\u00f3n proporci\u00f3nanse os ligaz\u00f3ns a estas pol\u00edticas de privacidade e\/ou de cookies:<\/p>\n\n\n\n<ul class=\"wp-block-list\">\n<li>Facebook: <a href=\"https:\/\/www.facebook.com\/policies\/cookies\/\" rel=\"nofollow noopener\" target=\"_blank\">https:\/\/www.facebook.com\/policies\/cookies\/<\/a><\/li>\n\n\n\n<li>Twitter: <a href=\"https:\/\/twitter.com\/es\/privacy\" rel=\"nofollow noopener\" target=\"_blank\">https:\/\/twitter.com\/es\/privacy<\/a><\/li>\n\n\n\n<li>Instagram: <a href=\"https:\/\/help.instagram.com\/1896641480634370?ref=ig\" rel=\"nofollow noopener\" target=\"_blank\">https:\/\/help.instagram.com\/1896641480634370?ref=ig<\/a><\/li>\n\n\n\n<li>YouTube: <a href=\"https:\/\/policies.google.com\/privacy?hl=es-419&amp;gl=mx\" rel=\"nofollow noopener\" target=\"_blank\">https:\/\/policies.google.com\/privacy?hl=es-419&amp;gl=mx<\/a><\/li>\n\n\n\n<li>Pinterest: <a href=\"https:\/\/policy.pinterest.com\/es\/privacy-policy\" rel=\"nofollow noopener\" target=\"_blank\">https:\/\/policy.pinterest.com\/es\/privacy-policy<\/a><\/li>\n\n\n\n<li>LinkedIn: <a href=\"https:\/\/www.linkedin.com\/legal\/cookie-policy?trk=hp-cookies\" rel=\"nofollow noopener\" target=\"_blank\">https:\/\/www.linkedin.com\/legal\/cookie-policy?trk=hp-cookies<\/a><\/li>\n<\/ul>\n\n\n\n<h4 class=\"wp-block-heading\">Desactivar, bloquear e eliminar as cookies<\/h4>\n\n\n\n<p>Os usuarios poden desactivar, bloquear ou eliminar as cookies\u2014total ou parcialmente\u2014almacenadas no seu dispositivo a trav\u00e9s da configuraci\u00f3n do seu navegador (por exemplo, Chrome, Firefox, Safari e Explorer). Os procedementos para bloquear e eliminar as cookies poden variar dun navegador web a outro. En consecuencia, os usuarios deben consultar as instruci\u00f3ns proporcionadas polo navegador web que est\u00e1n a usar. Se rexeita o uso de cookies \u2014 total ou parcialmente \u2014 poder\u00e1 seguir usando o sitio web, a\u00ednda que o uso dalgunhas das s\u00faas funci\u00f3ns poder\u00e1 estar restrinxido.<\/p>\n\n\n\n<p>Este documento de Pol\u00edtica de Cookies foi xerado usando o <a href=\"https:\/\/textos-legales.edgartamarit.com\/\" rel=\"nofollow noopener\" target=\"_blank\">modelo gratu\u00edto de pol\u00edtica de cookies para sitios web<\/a> en li\u00f1a o 29\/12\/2025.<\/p>","protected":false},"excerpt":{"rendered":"<p>https:\/\/casaotoch.com\/ El acceso a este Sitio Web puede implicar la utilizaci\u00f3n de cookies. Las cookies son peque\u00f1as cantidades de informaci\u00f3n que se almacenan en el navegador utilizado por cada Usuario \u2014en los distintos dispositivos que pueda utilizar para navegar\u2014 para que el servidor recuerde cierta informaci\u00f3n que posteriormente y \u00fanicamente el servidor que la implement\u00f3 [&hellip;]<\/p>\n","protected":false},"author":2,"featured_media":0,"parent":0,"menu_order":0,"comment_status":"closed","ping_status":"closed","template":"","meta":{"footnotes":""},"class_list":["post-425","page","type-page","status-publish","hentry"],"_links":{"self":[{"href":"https:\/\/casaotoch.com\/gl\/wp-json\/wp\/v2\/pages\/425","targetHints":{"allow":["GET"]}}],"collection":[{"href":"https:\/\/casaotoch.com\/gl\/wp-json\/wp\/v2\/pages"}],"about":[{"href":"https:\/\/casaotoch.com\/gl\/wp-json\/wp\/v2\/types\/page"}],"author":[{"embeddable":true,"href":"https:\/\/casaotoch.com\/gl\/wp-json\/wp\/v2\/users\/2"}],"replies":[{"embeddable":true,"href":"https:\/\/casaotoch.com\/gl\/wp-json\/wp\/v2\/comments?post=425"}],"version-history":[{"count":2,"href":"https:\/\/casaotoch.com\/gl\/wp-json\/wp\/v2\/pages\/425\/revisions"}],"predecessor-version":[{"id":17624,"href":"https:\/\/casaotoch.com\/gl\/wp-json\/wp\/v2\/pages\/425\/revisions\/17624"}],"wp:attachment":[{"href":"https:\/\/casaotoch.com\/gl\/wp-json\/wp\/v2\/media?parent=425"}],"curies":[{"name":"wp","href":"https:\/\/api.w.org\/{rel}","templated":true}]}}