{"id":423,"date":"2024-09-02T19:33:05","date_gmt":"2024-09-02T18:33:05","guid":{"rendered":"https:\/\/base.thebluegrow.com\/?page_id=423"},"modified":"2025-12-29T22:02:19","modified_gmt":"2025-12-29T22:02:19","slug":"aviso-legal","status":"publish","type":"page","link":"https:\/\/casaotoch.com\/gl\/aviso-legal\/","title":{"rendered":"Aviso legal"},"content":{"rendered":"<h2 class=\"wp-block-heading\">AVISO LEGAL E CONDICI\u00d3NS XERAIS DE USO<\/h2>\n\n\n\n<h4 class=\"wp-block-heading\">https:\/\/casaotoch.com<\/h4>\n\n\n\n<h3 class=\"wp-block-heading\">I. INFORMACI\u00d3N XERAL<\/h3>\n\n\n\n<p>En cumprimento do deber de informaci\u00f3n establecido na Lei 34\/2002, do 11 de xullo, de Servizos da Sociedade da Informaci\u00f3n e Comercio Electr\u00f3nico (LSSI-CE), a continuaci\u00f3n proporci\u00f3nase a seguinte informaci\u00f3n xeral sobre este sitio web:<\/p>\n\n\n\n<p>A propiedade deste sitio web, https:\/\/casaotoch.com, (en diante, Sitio Web) corresponde a: ANA ISABEL FUENTEFRIA IGLESIAS, con N\u00famero de Identificaci\u00f3n Fiscal: B72680176, e cuxos datos de contacto son:<\/p>\n\n\n\n<p>Enderezo: Paseo 33 6A, Ourense, 32003, Espa\u00f1a<\/p>\n\n\n\n<p>N\u00famero de tel\u00e9fono de contacto: +34 644 779 959<\/p>\n\n\n\n<p>Correo electr\u00f3nico de contacto: archivosfuentefria@gmail.com<\/p>\n\n\n\n<h3 class=\"wp-block-heading\">II. TERMOS E CONDICI\u00d3NS XERAIS DE USO<\/h3>\n\n\n\n<h4 class=\"wp-block-heading\">O obxecto dos termos e condici\u00f3ns: o sitio web<\/h4>\n\n\n\n<p>O prop\u00f3sito destes Termos e Condici\u00f3ns Xerais de Uso (en diante, Termos e Condici\u00f3ns) \u00e9 regular o acceso e o uso do Sitio Web. Aos efectos destes Termos, ent\u00e9ndese por Sitio Web: a aparencia externa das interfaces de pantalla, tanto est\u00e1ticas como din\u00e1micas, \u00e9 dicir, a \u00e1rbore de navegaci\u00f3n; e todos os elementos integrados tanto nas interfaces de pantalla como na \u00e1rbore de navegaci\u00f3n (en diante, Contido) e todos aqueles servizos ou recursos en li\u00f1a que poidan ofrecerse aos Usuarios (en diante, Servizos).<\/p>\n\n\n\n<p>Casa Otoch res\u00e9rvase o dereito de modificar, en calquera momento e sen previo aviso, a presentaci\u00f3n e a configuraci\u00f3n do sitio web, as\u00ed como o contido e os servizos que nel se poidan inclu\u00edr. O Usuario reco\u00f1ece e acepta que Casa Otoch poder\u00e1, en calquera momento, interromper, desactivar e\/ou cancelar calquera destes elementos integrados no sitio web ou o acceso aos mesmos.<\/p>\n\n\n\n<p>O acceso ao sitio web polo Usuario \u00e9 gratu\u00edto e, como regra xeral, sen custo, sen que o Usuario te\u00f1a que proporcionar ningunha contraprestaci\u00f3n para gozar del, ag\u00e1s o custo da conexi\u00f3n a trav\u00e9s da rede de telecomunicaci\u00f3ns proporcionada polo provedor de acceso contratado polo Usuario.<\/p>\n\n\n\n<p>Ag\u00e1s o custo da conexi\u00f3n a trav\u00e9s da rede de telecomunicaci\u00f3ns proporcionada polo provedor de acceso e contratada polo Usuario, algunhas das Contidos ou Servizos ofrecidos por Casa Otoch ou, de ser o caso, por terceiros a trav\u00e9s do Sitio Web poden estar suxeitos \u00e1 contrataci\u00f3n previa da Contido ou do Servizo, nese caso isto especificarase claramente e\/ou po\u00f1eranse \u00e1 disposici\u00f3n do Usuario as Condici\u00f3ns Xerais ou Espec\u00edficas correspondentes que o regulan.<\/p>\n\n\n\n<p>O uso de calquera dos contidos ou servizos do sitio web pode estar suxeito a unha subscrici\u00f3n ou rexistro previo do usuario.<\/p>\n\n\n\n<p>O uso do contido non require subscrici\u00f3n nin rexistro previos.<\/p>\n\n\n\n<h4 class=\"wp-block-heading\">O Usuario<\/h4>\n\n\n\n<p>O acceso, a navegaci\u00f3n e o uso do Sitio Web, as\u00ed como os espazos habilitados para a interacci\u00f3n entre Usuarios, e o Usuario e Casa Otoch, tales como comentarios e\/ou espazos de blogue, confire o estatus de Usuario, e, polo tanto, desde o momento en que comeza a navegar polo Sitio Web, acepta todas as Condici\u00f3ns establecidas neste documento, as\u00ed como calquera modificaci\u00f3n posterior, sen prexu\u00edzo da aplicaci\u00f3n das correspondentes normas legais obrigatorias, segundo proceda. Dada a importancia do anterior, acons\u00e9llase aos Usuarios que as lean cada vez que visiten o Sitio Web.<\/p>\n\n\n\n<p>O sitio web de Casa Otoch ofrece unha ampla gama de informaci\u00f3n, servizos e datos. O Usuario asume a responsabilidade polo uso axeitado do sitio web. Esta responsabilidade est\u00e9ndese a:<\/p>\n\n\n\n<ul class=\"wp-block-list\">\n<li>Uso da informaci\u00f3n, do contido e\/ou dos servizos e datos ofrecidos por Casa Otoch dunha maneira que non sexa contraria \u00e1s disposici\u00f3ns destes Termos e Condici\u00f3ns, \u00e1 lei, \u00e1 moral ou \u00e1 orde p\u00fablica, nin que de ning\u00fan outro xeito poida vulnerar os dereitos de terceiros ou o funcionamento do propio sitio web.<\/li>\n\n\n\n<li>A exactitude e legalidade da informaci\u00f3n proporcionada polo Usuario nos formularios emitidos por Casa Otoch para acceder a certos contidos ou servizos ofrecidos no sitio web. En calquera caso, o Usuario deber\u00e1 notificar inmediatamente a Casa Otoch de calquera acontecemento que permita o uso indebido da informaci\u00f3n rexistrada neses formularios, tales como, entre outros, roubo, perda ou acceso non autorizado a identificadores e\/ou contrasinais, co fin de proceder \u00e1 s\u00faa cancelaci\u00f3n inmediata.<\/li>\n<\/ul>\n\n\n\n<p>Casa Otoch res\u00e9rvase o dereito de eliminar calquera comentario ou achega que viole a lei, o respecto pola dignidade humana, que sexa discriminatoria, xen\u00f3foba, racista, pornogr\u00e1fica, de spam, que ameace a menores ou a nenos, a orde ou a seguridade p\u00fablicas, ou que, ao seu xu\u00edzo, non sexa adecuada para a s\u00faa publicaci\u00f3n.<\/p>\n\n\n\n<p>En calquera caso, Casa Otoch non se far\u00e1 responsable das opini\u00f3ns expresadas polos usuarios a trav\u00e9s de comentarios ou outras ferramentas de blogueo ou participaci\u00f3n que poidan estar dispo\u00f1ibles.<\/p>\n\n\n\n<p>O simple acceso a este sitio web non implica ningunha relaci\u00f3n comercial entre Casa Otoch e o usuario.<\/p>\n\n\n\n<p>O Usuario declara que ten idade legal e capacidade legal suficiente para quedar vinculado a estes Termos e Condici\u00f3ns. Por iso, este sitio web de Casa Otoch non est\u00e1 dirixido a menores. Casa Otoch declina calquera responsabilidade polo incumprimento deste requisito.<\/p>\n\n\n\n<p>En cumprimento da lexislaci\u00f3n vixente, este sitio web de Casa Otoch est\u00e1 dirixido a todas as persoas, independentemente da s\u00faa idade, que poidan acceder e\/ou navegar polas p\u00e1xinas do sitio web.<\/p>\n\n\n\n<p>O sitio web est\u00e1 principalmente dirixido a usuarios residentes en . Casa Otoch non garante que o sitio web cumpra coas leis doutros pa\u00edses, nin na s\u00faa totalidade nin en parte. Se o Usuario reside ou ten o seu domicilio noutro lugar e decide acceder e\/ou navegar polo Sitio Web, faino baixo a s\u00faa propia responsabilidade e debe asegurarse de que tal acceso e navegaci\u00f3n cumpran coa lexislaci\u00f3n local aplicable. Casa Otoch non asume ningunha responsabilidade que poida derivarse de dito acceso.<\/p>\n\n\n\n<h3 class=\"wp-block-heading\">III. ACCESO E NAVEGACI\u00d3N NO SITIO WEB: EXCLUSI\u00d3N DE GARANT\u00cdAS E RESPONSABILIDADE<\/h3>\n\n\n\n<p>Casa Otoch non garante a continuidade, a dispo\u00f1ibilidade ou a utilidade do sitio web, do seu contido ou dos seus servizos. Casa Otoch far\u00e1 todo o posible para garantir o correcto funcionamento do sitio web; con todo, non \u00e9 responsable nin garante que o acceso a este sitio web sexa ininterrompido ou libre de erros.<\/p>\n\n\n\n<p>Tampouco acepta responsabilidade nin garante que o contido ou o software ao que se poida acceder a trav\u00e9s deste sitio web estea libre de erros ou non cause danos no sistema inform\u00e1tico do Usuario (software e hardware). En ning\u00fan caso ser\u00e1 Casa Otoch responsable de calquera perda ou dano de calquera tipo que xurda do acceso, navegaci\u00f3n ou uso do sitio web, inclu\u00edndo, entre outros, danos nos sistemas inform\u00e1ticos ou danos causados pola introduci\u00f3n de virus.<\/p>\n\n\n\n<p>Casa Otoch tampouco \u00e9 responsable de ning\u00fan dano que poida causar aos usuarios debido ao uso indebido deste sitio web. En particular, non \u00e9 responsable de ning\u00fan xeito de ca\u00eddas, interrupci\u00f3ns, fallos ou defectos nas telecomunicaci\u00f3ns que poidan ocorrer.<\/p>\n\n\n\n<h3 class=\"wp-block-heading\">IV. POL\u00cdTICA DE ENLACE<\/h3>\n\n\n\n<p>T\u00e9\u00f1ase en conta que o sitio web de Casa Otoch pon ou pode po\u00f1er \u00e1 disposici\u00f3n dos usuarios ligaz\u00f3ns (como, entre outras, ligaz\u00f3ns, banners, bot\u00f3ns), directorios e motores de busca que permiten aos usuarios acceder a sitios web pertencentes e\/ou xestionados por terceiros.<\/p>\n\n\n\n<p>A instalaci\u00f3n destes ligaz\u00f3ns, directorios e motores de busca no sitio web ten por obxecto facilitar aos usuarios a procura e o acceso \u00e1 informaci\u00f3n dispo\u00f1ible en Internet, sen que isto se considere unha suxesti\u00f3n, recomendaci\u00f3n ou invitaci\u00f3n a visitalos.<\/p>\n\n\n\n<p>Casa Otoch non ofrece nin comercializa, nin directamente nin a trav\u00e9s de terceiros, os produtos e\/ou servizos dispo\u00f1ibles nestes sitios vinculados.<\/p>\n\n\n\n<p>Casa Otoch ofrece contido patrocinado, anuncios e\/ou ligaz\u00f3ns de afiliado. A informaci\u00f3n que aparece nestas ligaz\u00f3ns de afiliado ou nos anuncios inseridos \u00e9 proporcionada polos propios anunciantes, e por iso Casa Otoch non se fai responsable de ningunha inexactitude ou erro que poida conter nos anuncios, nin garante de ning\u00fan xeito a experiencia, a integridade ou a responsabilidade dos anunciantes nin a calidade dos seus produtos e\/ou servizos.<\/p>\n\n\n\n<p>Do mesmo xeito, non garantir\u00e1 a dispo\u00f1ibilidade t\u00e9cnica, a exactitude, a veracidade, a validez ou a legalidade de sitios f\u00f3ra da s\u00faa propiedade aos que se poida acceder mediante ligaz\u00f3ns.<\/p>\n\n\n\n<p>Casa Otoch en ning\u00fan caso revisar\u00e1 nin controlar\u00e1 o contido doutros sitios web, nin aproba, examina ou avala os produtos e servizos, o contido, os ficheiros e calquera outro material existente nos sitios vinculados anteriormente mencionados.<\/p>\n\n\n\n<p>Casa Otoch non acepta ningunha responsabilidade polos danos que poidan derivarse do acceso, uso, calidade ou legalidade do contido, das comunicaci\u00f3ns, das opini\u00f3ns, dos produtos e dos servizos de sitios web non xestionados por Casa Otoch e que estean vinculados a este sitio web.<\/p>\n\n\n\n<p>Calquera usuario ou terceiro que cree un hiperv\u00ednculo desde unha p\u00e1xina web noutro sitio web distinto ao sitio web de Casa Otoch debe ter en conta que:<\/p>\n\n\n\n<p>A reproduci\u00f3n, total ou parcial, de calquera dos contidos e\/ou servizos do sitio web non est\u00e1 permitida sen a autorizaci\u00f3n expresa de Casa Otoch.<\/p>\n\n\n\n<p>Non se permiten declaraci\u00f3ns falsas, inexactas ou incorrectas sobre o sitio web Casa Otoch ou o seu contido e\/ou servizos.<\/p>\n\n\n\n<p>Ag\u00e1s o hiperv\u00ednculo, o sitio web no que se estableza dito hiperv\u00ednculo non poder\u00e1 conter ning\u00fan elemento deste sitio web protexido como propiedade intelectual pola lexislaci\u00f3n espa\u00f1ola, ag\u00e1s que Casa Otoch o autorice expresamente.<\/p>\n\n\n\n<p>O establecemento da hiperv\u00ednculo non implicar\u00e1 a existencia dunha relaci\u00f3n entre Casa Otoch e o propietario do sitio web desde o que se realice, nin o co\u00f1ecemento e aceptaci\u00f3n por parte de Casa Otoch dos contidos, servizos e\/ou actividades ofrecidos no devandito sitio web, e viceversa.<\/p>\n\n\n\n<h3 class=\"wp-block-heading\">V. PROPIEDADE INTELECTUAL E INDUSTRIAL<\/h3>\n\n\n\n<p>Casa Otoch, xa sexa en nome propio ou como cesionaria, \u00e9 a titular de todos os dereitos de propiedade intelectual e industrial do sitio web, as\u00ed como dos elementos nel contidos (inclu\u00edndo, entre outros, imaxes, son, audio, v\u00eddeo, software ou textos, marcas comerciais ou logotipos, combinaci\u00f3ns de cores, estrutura e dese\u00f1o, selecci\u00f3n de materiais empregados, programas inform\u00e1ticos necesarios para o seu funcionamento, acceso e uso, etc.). Por tanto, ser\u00e1n obras protexidas como propiedade intelectual polo sistema xur\u00eddico espa\u00f1ol, sendo aplicables tanto a normativa espa\u00f1ola como a da UE neste eido, as\u00ed como os tratados internacionais relativos \u00e1 materia e asinados por Espa\u00f1a.<\/p>\n\n\n\n<p>Todos os dereitos reservados. De conformidade coas disposici\u00f3ns da Lei de Propiedade Intelectual, a reproduci\u00f3n, distribuci\u00f3n e comunicaci\u00f3n p\u00fablica, inclu\u00eddos os medios de posta a disposici\u00f3n, de todo ou parte do contido deste sitio web con fins comerciais, en calquera medio e por calquera medio t\u00e9cnico, sen a autorizaci\u00f3n de Casa Otoch, est\u00e1 expresamente prohibida.<\/p>\n\n\n\n<p>O Usuario comprom\u00e9tese a respectar os dereitos de propiedade intelectual e industrial de Casa Otoch. Pode ver os elementos do sitio web ou mesmo imprimilos, copialos e gardalos no disco duro do seu ordenador ou en calquera outro medio f\u00edsico, sempre que sexa exclusivamente para o seu uso persoal. Con todo, o Usuario non poder\u00e1 eliminar, alterar ou manipular ning\u00fan dispositivo de protecci\u00f3n ou sistema de seguridade instalado no Sitio Web.<\/p>\n\n\n\n<p>No caso de que o Usuario ou un terceiro considere que calquera dos contidos do sitio web constit\u00faa unha violaci\u00f3n dos dereitos de propiedade intelectual, deber\u00e1 notificar inmediatamente a Casa Otoch empregando os datos de contacto da secci\u00f3n INFORMACI\u00d3N XERAL deste Aviso Legal e Condici\u00f3ns Xerais de Uso.<\/p>\n\n\n\n<h3 class=\"wp-block-heading\">VI. ACCI\u00d3N XUR\u00cdDICA, LEGISLACI\u00d3N APLICABLE E XURISDICCI\u00d3N<\/h3>\n\n\n\n<p>Casa Otoch res\u00e9rvase o dereito de interpo\u00f1er calquera acci\u00f3n civil ou penal que considere necesaria polo uso indebido do sitio web e do contido, ou polo incumprimento destes termos e condici\u00f3ns.<\/p>\n\n\n\n<p>A relaci\u00f3n entre o Usuario e Casa Otoch rexerase pola normativa vixente e aplicable en Espa\u00f1a. No caso de xurdir calquera disputa en relaci\u00f3n coa interpretaci\u00f3n e\/ou aplicaci\u00f3n destas Condici\u00f3ns, as partes someteranse aos tribunais ordinarios, somet\u00e9ndose aos xulgados e tribunais que correspondan segundo a lei.<\/p>\n\n\n\n<p>Este documento de Aviso Legal e Condici\u00f3ns Xerais de Uso para o sitio web foi creado empregando o xerador en <a href=\"https:\/\/textos-legales.edgartamarit.com\/\" rel=\"nofollow noopener\" target=\"_blank\">Modelo de aviso legal e condici\u00f3ns de uso<\/a> en li\u00f1a o 29\/12\/2025.<\/p>","protected":false},"excerpt":{"rendered":"<p>AVISO LEGAL Y CONDICIONES GENERALES DE USO https:\/\/casaotoch.com I. INFORMACI\u00d3N GENERAL En cumplimiento con el deber de informaci\u00f3n dispuesto en la Ley 34\/2002 de Servicios de la Sociedad de la Informaci\u00f3n y el Comercio Electr\u00f3nico (LSSI-CE) de 11 de julio, se facilitan a continuaci\u00f3n los siguientes datos de informaci\u00f3n general de este sitio web: La [&hellip;]<\/p>\n","protected":false},"author":2,"featured_media":0,"parent":0,"menu_order":0,"comment_status":"closed","ping_status":"closed","template":"","meta":{"footnotes":""},"class_list":["post-423","page","type-page","status-publish","hentry"],"_links":{"self":[{"href":"https:\/\/casaotoch.com\/gl\/wp-json\/wp\/v2\/pages\/423","targetHints":{"allow":["GET"]}}],"collection":[{"href":"https:\/\/casaotoch.com\/gl\/wp-json\/wp\/v2\/pages"}],"about":[{"href":"https:\/\/casaotoch.com\/gl\/wp-json\/wp\/v2\/types\/page"}],"author":[{"embeddable":true,"href":"https:\/\/casaotoch.com\/gl\/wp-json\/wp\/v2\/users\/2"}],"replies":[{"embeddable":true,"href":"https:\/\/casaotoch.com\/gl\/wp-json\/wp\/v2\/comments?post=423"}],"version-history":[{"count":1,"href":"https:\/\/casaotoch.com\/gl\/wp-json\/wp\/v2\/pages\/423\/revisions"}],"predecessor-version":[{"id":472,"href":"https:\/\/casaotoch.com\/gl\/wp-json\/wp\/v2\/pages\/423\/revisions\/472"}],"wp:attachment":[{"href":"https:\/\/casaotoch.com\/gl\/wp-json\/wp\/v2\/media?parent=423"}],"curies":[{"name":"wp","href":"https:\/\/api.w.org\/{rel}","templated":true}]}}