{"id":421,"date":"2024-09-02T19:32:48","date_gmt":"2024-09-02T18:32:48","guid":{"rendered":"https:\/\/base.thebluegrow.com\/?page_id=421"},"modified":"2026-01-19T22:24:38","modified_gmt":"2026-01-19T22:24:38","slug":"politica-de-privacidade","status":"publish","type":"page","link":"https:\/\/casaotoch.com\/gl\/politica-de-privacidade\/","title":{"rendered":"Pol\u00edtica de privacidade"},"content":{"rendered":"<h2 class=\"wp-block-heading\"><\/h2>\n\n\n\n<h4 class=\"wp-block-heading\">https:\/\/casaotoch.com<\/h4>\n\n\n\n<h3 class=\"wp-block-heading\">I. POL\u00cdTICA DE PRIVACIDADE E PROTECCI\u00d3N DE DATOS<\/h3>\n\n\n\n<p>De acordo coa lexislaci\u00f3n vixente, Casa Otoch (en diante tam\u00e9n referida como o 'Sitio web') comprom\u00e9tese a implementar as medidas t\u00e9cnicas e organizativas necesarias, de acordo co nivel de seguridade axeitado ao risco asociado aos datos recollidos.<\/p>\n\n\n\n<h4 class=\"wp-block-heading\">Lexislaci\u00f3n cuberta por esta pol\u00edtica de privacidade<\/h4>\n\n\n\n<p>Esta pol\u00edtica de privacidade cumpre coa lexislaci\u00f3n espa\u00f1ola e europea vixente en materia de protecci\u00f3n de datos persoais en li\u00f1a. Concretamente, cumpre coas seguintes regulaci\u00f3ns:<\/p>\n\n\n\n<ul class=\"wp-block-list\">\n<li>Regulamento (UE) 2016\/679 do Parlamento Europeo e do Consello, de 27 de abril de 2016, relativo \u00e1 protecci\u00f3n das persoas f\u00edsicas no que respecta ao tratamento dos datos persoais e \u00e1 libre circulaci\u00f3n destes datos (RGPD).<\/li>\n\n\n\n<li>Lei Org\u00e1nica 3\/2018, do 5 de decembro, de Protecci\u00f3n de Datos Persoais e Garant\u00eda dos Dereitos Dixitais (LOPD-GDD).<\/li>\n\n\n\n<li>Real Decreto 1720\/2007, do 21 de decembro, polo que se aproba o regulamento de desenvolvemento da Lei Org\u00e1nica 15\/1999, do 13 de decembro, de Protecci\u00f3n de Datos de Car\u00e1cter Persoal (RDLOPD).<\/li>\n\n\n\n<li>Lei 34\/2002, do 11 de xullo, de servizos da sociedade da informaci\u00f3n e de comercio electr\u00f3nico (LSSI-CE).<\/li>\n<\/ul>\n\n\n\n<h4 class=\"wp-block-heading\">Identidade do responsable do tratamento<\/h4>\n\n\n\n<p>O responsable do tratamento dos datos persoais recollidos en Casa Otoch \u00e9: ANA ISABEL FUENTEFRIA IGLESIAS, con n\u00famero de identificaci\u00f3n fiscal: B72680176 (en diante, o Responsable do Tratamento). Os seus datos de contacto son os seguintes:<\/p>\n\n\n\n<p>Enderezo: Paseo 33 6A, Ourense 32003, Espa\u00f1a<\/p>\n\n\n\n<p>N\u00famero de tel\u00e9fono de contacto: +34 644 779 959<\/p>\n\n\n\n<p>Correo electr\u00f3nico de contacto: archivosfuentefria@gmail.com<\/p>\n\n\n\n<h4 class=\"wp-block-heading\">Registro de datos persoais<\/h4>\n\n\n\n<p>De acordo coas disposici\u00f3ns do RGPD e da LOPD-GDD, inform\u00e1moslle que os datos persoais recollidos por Casa Otoch a trav\u00e9s dos formularios dispo\u00f1ibles no seu sitio web incorporaranse e trataranse na nosa base de datos co fin de facilitar, tramitar e cumprir os compromisos establecidos entre Casa Otoch e o Usuario, ou manter a relaci\u00f3n establecida nos formularios cubertos polo Usuario, ou para responder a unha solicitude ou consulta do Usuario. Ademais, de conformidade coas disposici\u00f3ns do RGPD e da LOPD-GDD, ag\u00e1s que se dea a excepci\u00f3n prevista no artigo 30.5 do RGPD, mantense un rexistro de actividades de tratamento que especifica, segundo os seus fins, as actividades de tratamento realizadas e as demais circunstancias establecidas no RGPD.<\/p>\n\n\n\n<h4 class=\"wp-block-heading\">Princ\u00edpios que rexen o tratamento de datos persoais<\/h4>\n\n\n\n<p>O tratamento dos datos persoais do Usuario estar\u00e1 suxeito aos seguintes principios establecidos no artigo 5 do RGPD e no artigo 4 e seguintes da Lei Org\u00e1nica 3\/2018, de 5 de decembro, de Protecci\u00f3n de Datos Persoais e Garant\u00eda dos Dereitos Dixitais:<\/p>\n\n\n\n<ul class=\"wp-block-list\">\n<li>Princ\u00edpio de licitude, equidade e transparencia: debe obterse o consentimento do Usuario en todo momento, tras proporcionar informaci\u00f3n plenamente transparente sobre as finalidades para as que se recollen os datos persoais.<\/li>\n\n\n\n<li>Princ\u00edpio de limitaci\u00f3n da finalidade: os datos persoais recolleranse para finalidades especificadas, expl\u00edcitas e lex\u00edtimas.<\/li>\n\n\n\n<li>Princ\u00edpio de minimizaci\u00f3n de datos: os datos persoais recollidos limitaranse ao estritamente necesario en relaci\u00f3n cos fins para os que se tratan.<\/li>\n\n\n\n<li>Princ\u00edpio de exactitude: os datos persoais deben ser exactos e manterse actualizados.<\/li>\n\n\n\n<li>Principio de limitaci\u00f3n da conservaci\u00f3n de datos: os datos persoais s\u00f3 se conservar\u00e1n en forma que permita a identificaci\u00f3n do Usuario durante o tempo necesario para os fins do seu tratamento.<\/li>\n\n\n\n<li>Princ\u00edpio de integridade e confidencialidade: os datos persoais ser\u00e1n tratados de xeito que se garanta a s\u00faa seguridade e confidencialidade.<\/li>\n\n\n\n<li>Princ\u00edpio de responsabilidade proactiva: o responsable do tratamento de datos ser\u00e1 responsable de garantir o cumprimento dos principios anteriores.<\/li>\n<\/ul>\n\n\n\n<h4 class=\"wp-block-heading\">Categor\u00edas de datos persoais<\/h4>\n\n\n\n<p>As categor\u00edas de datos procesadas por Casa Otoch lim\u00edtanse aos datos de identificaci\u00f3n. En ningunha circunstancia se tratan categor\u00edas especiais de datos persoais ao abeiro do artigo 9 do RGPD.<\/p>\n\n\n\n<p>As categor\u00edas de datos procesadas por Casa Otoch incl\u00faen tanto datos de identificaci\u00f3n como categor\u00edas especiais de datos persoais no sentido do artigo 9 do RGPD.<\/p>\n\n\n\n<p>Categor\u00edas especiais de datos persoais def\u00ednense como datos que revelan a orixe \u00e9tnica ou racial, opini\u00f3ns pol\u00edticas, crenzas relixiosas ou filos\u00f3ficas, ou a pertenza a un sindicato, as\u00ed como o tratamento de datos xen\u00e9ticos, datos biom\u00e9tricos destinados a identificar de forma \u00fanica unha persoa f\u00edsica, datos relativos \u00e1 sa\u00fade ou datos relativos \u00e1 vida sexual ou \u00e1 orientaci\u00f3n sexual dunha persoa f\u00edsica.<\/p>\n\n\n\n<p>En todos os casos, o tratamento de categor\u00edas especiais de datos persoais requirir\u00e1 o consentimento expl\u00edcito do Usuario para un ou m\u00e1is fins espec\u00edficos.<\/p>\n\n\n\n<h4 class=\"wp-block-heading\">Base xur\u00eddica para o tratamento de datos persoais<\/h4>\n\n\n\n<p>A base xur\u00eddica para o tratamento de datos persoais \u00e9 o consentimento. Casa Otoch comprom\u00e9tese a obter o consentimento expreso e verificable do Usuario para o tratamento dos seus datos persoais para un ou m\u00e1is fins espec\u00edficos.<\/p>\n\n\n\n<p>O Usuario ter\u00e1 dereito a retirar o seu consentimento en calquera momento. Retirar o consentimento ser\u00e1 tan sinxelo como dalo. Como regra xeral, a retirada do consentimento non afectar\u00e1 o uso do sitio web.<\/p>\n\n\n\n<p>Cando o Usuario estea obrigado ou poida facilitar os seus datos persoais mediante formularios para realizar consultas, solicitar informaci\u00f3n ou por motivos relacionados co contido do sitio web, informarase se a cumplimentaci\u00f3n de calquera destes formularios \u00e9 obrigatoria, xa que estes datos son esenciais para a correcta realizaci\u00f3n da transacci\u00f3n correspondente.<\/p>\n\n\n\n<h4 class=\"wp-block-heading\">Fins para os que se tratan os datos persoais<\/h4>\n\n\n\n<p>Casa Otoch recolle e trata os datos persoais co fin de facilitar, axilizar e cumprir os compromisos acordados entre o sitio web e o usuario, ou de manter a relaci\u00f3n establecida a trav\u00e9s dos formularios cubertos polo usuario, ou para responder a unha solicitude ou consulta.<\/p>\n\n\n\n<p>Do mesmo xeito, os datos poder\u00e1n ser utilizados con fins comerciais relacionados coa personalizaci\u00f3n, con fins operativos e estat\u00edsticos, e con actividades que entren no \u00e1mbito do obxectivo corporativo de Casa Otoch, as\u00ed como para a extracci\u00f3n, almacenamento e investigaci\u00f3n de mercado de datos co fin de adaptar o contido ofrecido ao usuario e mellorar a calidade, a funcionalidade e a navegaci\u00f3n do sitio web.<\/p>\n\n\n\n<p>No momento en que se recollan os datos persoais, informarase ao Usuario do prop\u00f3sito ou prop\u00f3sitos espec\u00edficos para os que se tratar\u00e1n eses datos; en outras palabras, do uso ou usos aos que se destinar\u00e1 a informaci\u00f3n recollida.<\/p>\n\n\n\n<h4 class=\"wp-block-heading\">Per\u00edodos de conservaci\u00f3n de datos persoais<\/h4>\n\n\n\n<p>Os datos persoais s\u00f3 se conservar\u00e1n polo per\u00edodo m\u00ednimo necesario para as finalidades do seu tratamento e, en todo caso, s\u00f3 polo seguinte per\u00edodo: , ou ata que o Usuario solicite a s\u00faa supresi\u00f3n.<\/p>\n\n\n\n<p>No momento da recollida dos datos persoais, informarase ao Usuario do per\u00edodo durante o cal se conservar\u00e1n os datos persoais ou, cando isto non sexa posible, dos criterios empregados para determinar ese per\u00edodo.<\/p>\n\n\n\n<h4 class=\"wp-block-heading\">Destinatarios de datos persoais<\/h4>\n\n\n\n<p>Os datos persoais do Usuario non se compartir\u00e1n con terceiros.<\/p>\n\n\n\n<p>En calquera caso, no momento en que se recollan os datos persoais, informarase ao Usuario dos destinatarios ou categor\u00edas de destinatarios dos datos persoais.<\/p>\n\n\n\n<p>Os datos persoais do Usuario ser\u00e1n compartidos cos seguintes destinatarios ou categor\u00edas de destinatarios:<\/p>\n\n\n\n<pre class=\"wp-block-preformatted\">Google Analytics<\/pre>\n\n\n\n<p>Cando o responsable do tratamento te\u00f1a previsto transferir datos persoais a un terceiro pa\u00eds ou a unha organizaci\u00f3n internacional, o Usuario ser\u00e1 informado, no momento da recollida dos datos persoais, do terceiro pa\u00eds ou da organizaci\u00f3n internacional aos que se prev\u00e9n transferir os datos, as\u00ed como da existencia ou ausencia dunha decisi\u00f3n de adecuaci\u00f3n da Comisi\u00f3n.<\/p>\n\n\n\n<h4 class=\"wp-block-heading\">Datos persoais de menores<\/h4>\n\n\n\n<p>De acordo co artigo 8 do RGPD e co artigo 7 da Lei Org\u00e1nica 3\/2018, do 5 de decembro, de Protecci\u00f3n de Datos Persoais e Garant\u00eda dos Dereitos Dixitais, s\u00f3 as persoas maiores de 14 anos poden dar o seu consentimento para que Casa Otoch trate os seus datos persoais de xeito l\u00edcito. No caso dun menor de 14 anos, ser\u00e1 necesario o consentimento dos seus pais ou titores para o tratamento, e este s\u00f3 se considerar\u00e1 l\u00edcito na medida en que estes o autorizasen.<\/p>\n\n\n\n<h4 class=\"wp-block-heading\">Confidencialidade e seguridade dos datos persoais<\/h4>\n\n\n\n<p>Casa Otoch comprom\u00e9tese a implementar as medidas t\u00e9cnicas e organizativas necesarias, proporcionais ao nivel de seguridade axeitado ao risco asociado aos datos recollidos, co fin de garantir a seguridade dos datos persoais e de previr a destruci\u00f3n, perda ou alteraci\u00f3n accidental ou il\u00edcita dos datos persoais transmitidos, almacenados ou procesados de calquera outra forma, ou a divulgaci\u00f3n ou acceso non autorizado a tales datos.<\/p>\n\n\n\n<p>O sitio web disp\u00f3n dun certificado SSL (Secure Sockets Layer), que garante que os datos persoais se transmitan de forma segura e confidencial, xa que a transmisi\u00f3n de datos entre o servidor e o Usuario, e viceversa, est\u00e1 totalmente cifrada.<\/p>\n\n\n\n<p>Con todo, como Casa Otoch non pode garantir a impenetrabilidade de Internet nin a ausencia total de hackers ou de outras persoas que poidan acceder fraudulentamente aos datos persoais, o Responsable do Tratamento comprom\u00e9tese a notificar ao Usuario sen dilaci\u00f3n indebida no caso de producirse unha vulneraci\u00f3n de datos persoais que supo\u00f1a un alto risco para os dereitos e liberdades das persoas f\u00edsicas. De acordo co artigo 4 do RGPD, unha vulneraci\u00f3n de datos persoais def\u00ednese como calquera vulneraci\u00f3n da seguridade que leve \u00e1 destruci\u00f3n, perda, alteraci\u00f3n, divulgaci\u00f3n non autorizada ou acceso accidental ou il\u00edcito a datos persoais transmitidos, almacenados ou procesados de outro modo.<\/p>\n\n\n\n<p>Os datos persoais ser\u00e1n tratados como confidenciais polo responsable do tratamento, que se compromete a garantir, mediante unha obriga legal ou contractual, que tal confidencialidade sexa respectada polos seus empregados, asociados e por calquera persoa \u00e1 que se lle revele a informaci\u00f3n.<\/p>\n\n\n\n<h4 class=\"wp-block-heading\">Dereitos relativos ao tratamento de datos persoais<\/h4>\n\n\n\n<p>O Usuario ten os seguintes dereitos en relaci\u00f3n con Casa Otoch e, polo tanto, pode exercer os seguintes dereitos, reco\u00f1ecidos no RGPD e na Lei Org\u00e1nica 3\/2018, de 5 de decembro, de Protecci\u00f3n de Datos Persoais e Garant\u00eda dos Dereitos Dixitais, fronte ao Responsable do Tratamento:<\/p>\n\n\n\n<ul class=\"wp-block-list\">\n<li><em>Dereito de acceso:<\/em> O Usuario ten o dereito de obter confirmaci\u00f3n de se Casa Otoch est\u00e1 a tratar os seus datos persoais ou non e, de ser as\u00ed, de obter informaci\u00f3n relativa aos seus datos persoais espec\u00edficos e ao tratamento que Casa Otoch realizou ou est\u00e1 a realizar, as\u00ed como, entre outras cousas, informaci\u00f3n dispo\u00f1ible sobre a orixe de tales datos e os destinatarios de calquera comunicaci\u00f3n realizada ou planificada en relaci\u00f3n con eles.<\/li>\n\n\n\n<li><em>Dereito \u00e1 rectificaci\u00f3n:<\/em> O Usuario ten o dereito a que se rectifiquen os seus datos persoais se son inexactos ou, tendo en conta os fins do tratamento, incompletos.<\/li>\n\n\n\n<li><em>Dereito ao esquecemento (\u201co dereito a ser esquecido\u201d):<\/em> O Usuario ten o dereito, ag\u00e1s que a normativa aplicable dispo\u00f1a o contrario, a solicitar a supresi\u00f3n dos seus datos persoais cando: estes xa non sexan necesarios para as finalidades para as que foron recollidos ou tratados; o Usuario retirase o seu consentimento para o tratamento e non exista outra base xur\u00eddica para o mesmo; o Usuario se opo\u00f1a ao tratamento e non exista outro motivo lex\u00edtimo para continuar co tratamento; os datos persoais foron tratados de xeito il\u00edcito; os datos persoais deben ser eliminados en cumprimento dunha obriga legal; ou os datos persoais obtiv\u00e9ronse como resultado dunha oferta directa de servizos da sociedade da informaci\u00f3n a un menor de 14 anos. Ademais de suprimir os datos, o Responsable do Tratamento, tendo en conta a tecnolox\u00eda dispo\u00f1ible e o custo da s\u00faa aplicaci\u00f3n, deber\u00e1 adoptar medidas razoables para informar aos responsables do tratamento dos datos persoais da solicitude da persoa interesada de eliminar calquera ligaz\u00f3n a eses datos persoais.<\/li>\n\n\n\n<li><em>Dereito \u00e1 limitaci\u00f3n do tratamento:<\/em> Este \u00e9 o dereito do Usuario a limitar o tratamento dos seus datos persoais. O Usuario ten dereito a obter a limitaci\u00f3n do tratamento cando impugne a exactitude dos seus datos persoais; o tratamento sexa il\u00edcito; o responsable do tratamento xa non precise os datos persoais, pero o Usuario os precise para o establecemento, exercicio ou defensa de reclamaci\u00f3ns legais; e cando o Usuario se opo\u00f1a ao tratamento.<\/li>\n\n\n\n<li><em>Dereito \u00e1 portabilidade dos datos:<\/em> Cando o tratamento se realice por medios automatizados, o Usuario ter\u00e1 dereito a recibir os seus datos persoais do responsable do tratamento nun formato estruturado, de uso com\u00fan e lexible por m\u00e1quina, e a transmitilos a outro responsable do tratamento. Cando sexa tecnicamente factible, o responsable do tratamento transmitir\u00e1 os datos directamente a ese outro responsable do tratamento.<\/li>\n\n\n\n<li><em>Dereito a objetar:<\/em> O Usuario ten o dereito de impedir que Casa Otoch trate os seus datos persoais ou de que se cese ese tratamento.<\/li>\n\n\n\n<li><em>O dereito a non estar suxeito a unha decisi\u00f3n baseada exclusivamente no tratamento automatizado, inclu\u00eddo o perfilado:<\/em> Os usuarios te\u00f1en o dereito a non estar suxeitos a unha decisi\u00f3n individual baseada exclusivamente no tratamento automatizado dos seus datos persoais, inclu\u00eddo o perfilado, ag\u00e1s que a lexislaci\u00f3n vixente dispo\u00f1a outra cousa.<\/li>\n<\/ul>\n\n\n\n<p>Os usuarios poden, polo tanto, exercer os seus dereitos enviando unha solicitude escrita ao Responsable do Tratamento, citando a referencia \u201cRGPD \u2013 https:\/\/casaotoch.com\u201d, especificando:<\/p>\n\n\n\n<ul class=\"wp-block-list\">\n<li>O nome, os apelidos e unha copia do Documento Nacional de Identidade do Usuario. Cando se permita a representaci\u00f3n, a persoa que represente ao Usuario deber\u00e1 tam\u00e9n presentar proba de identidade co mesmo m\u00e9todo, as\u00ed como un documento que acredite a s\u00faa autoridade para actuar en nome do Usuario. A fotocopia do Documento Nacional de Identidade poder\u00e1 ser substitu\u00edda por calquera outro medio legalmente v\u00e1lido para demostrar a identidade.<\/li>\n\n\n\n<li>Unha solicitude que exp\u00f3n os motivos espec\u00edficos da petici\u00f3n ou a informaci\u00f3n \u00e1 que desexa acceder.<\/li>\n\n\n\n<li>Enderezo para o servizo.<\/li>\n\n\n\n<li>Data e sinatura do solicitante.<\/li>\n\n\n\n<li>Calquera documento que apoie a solicitude que est\u00e1 a presentar.<\/li>\n<\/ul>\n\n\n\n<p>Esta solicitude e calquera outro documento de apoio poden enviarse ao seguinte enderezo e\/ou enderezo de correo electr\u00f3nico:<\/p>\n\n\n\n<p>Enderezo postal: Paseo 33 6A, Ourense 32003, Espa\u00f1a<\/p>\n\n\n\n<p>Correo electr\u00f3nico: archivosfuentefria@gmail.com<\/p>\n\n\n\n<h4 class=\"wp-block-heading\">V\u00ednculos a sitios web de terceiros<\/h4>\n\n\n\n<p>O sitio web pode conter hiperv\u00ednculos ou ligaz\u00f3ns que proporcionen acceso a sitios web de terceiros distintos de Casa Otoch e que, polo tanto, non son operados por Casa Otoch. Os propietarios destes sitios web ter\u00e1n as s\u00faas propias pol\u00edticas de protecci\u00f3n de datos e ser\u00e1n, en cada caso, responsables dos seus propios ficheiros de datos e pr\u00e1cticas de privacidade.<\/p>\n\n\n\n<h4 class=\"wp-block-heading\">Queixas ante a autoridade supervisora<\/h4>\n\n\n\n<p>Se o Usuario considera que existe un problema ou unha vulneraci\u00f3n da lexislaci\u00f3n vixente no relativo \u00e1 forma en que se est\u00e1n a tratar os seus datos persoais, ter\u00e1 dereito \u00e1 protecci\u00f3n xudicial efectiva e a presentar unha reclamaci\u00f3n ante unha autoridade de control, en particular no pa\u00eds onde te\u00f1a a s\u00faa residencia habitual, o seu lugar de traballo ou no lugar onde se produciu a suposta infracci\u00f3n. No caso de Espa\u00f1a, a autoridade de control \u00e9 a Axencia Espa\u00f1ola de Protecci\u00f3n de Datos (https:\/\/www.aepd.es\/).<\/p>\n\n\n\n<h3 class=\"wp-block-heading\">II. ACEPTACI\u00d3N E MODIFICACI\u00d3NS DESTA POL\u00cdTICA DE PRIVACIDADE<\/h3>\n\n\n\n<p>Os usuarios deben ter lido e aceptado os termos e condici\u00f3ns relativos \u00e1 protecci\u00f3n de datos persoais establecidos nesta Pol\u00edtica de privacidade, e deben consentir o tratamento dos seus datos persoais, para que o Responsable do tratamento poida procesalos da maneira, dentro dos prazos e para as finalidades especificadas. O uso do sitio web implica a aceptaci\u00f3n da s\u00faa Pol\u00edtica de privacidade.<\/p>\n\n\n\n<p>Casa Otoch res\u00e9rvase o dereito de modificar a s\u00faa Pol\u00edtica de privacidade ao seu criterio, ou en resposta a cambios na lexislaci\u00f3n, na xurisprudencia ou nas directrices da Axencia Espa\u00f1ola de Protecci\u00f3n de Datos. Non se notificar\u00e1 expl\u00edcitamente aos usuarios de ningunha modificaci\u00f3n ou actualizaci\u00f3n desta Pol\u00edtica de privacidade. Acons\u00e9llase aos usuarios que revisen esta p\u00e1xina regularmente para manterse ao tanto das \u00faltimas modificaci\u00f3ns ou actualizaci\u00f3ns.<\/p>\n\n\n\n<p>Esta Pol\u00edtica de privacidade foi actualizada para cumprir co Regulamento (UE) 2016\/679 do Parlamento Europeo e do Consello, de 27 de abril de 2016, sobre a protecci\u00f3n das persoas f\u00edsicas no que respecta ao tratamento dos datos persoais e \u00e1 libre circulaci\u00f3n destes datos (RGPD) e \u00e1 Lei Org\u00e1nica 3\/2018, de 5 de decembro, de Protecci\u00f3n de Datos Persoais e Garant\u00eda dos Dereitos Dixitais.<\/p>\n\n\n\n<p>A Pol\u00edtica de privacidade deste sitio web foi xerada empregando o <a href=\"https:\/\/textos-legales.edgartamarit.com\/\" rel=\"nofollow noopener\" target=\"_blank\">modelo gratu\u00edto de pol\u00edtica de privacidade para sitio web<\/a> en li\u00f1a o 29\/12\/2025.<\/p>","protected":false},"excerpt":{"rendered":"<p>https:\/\/casaotoch.com I. POL\u00cdTICA DE PRIVACIDAD Y PROTECCI\u00d3N DE DATOS Respetando lo establecido en la legislaci\u00f3n vigente, Casa Otoch (en adelante, tambi\u00e9n Sitio Web) se compromete a adoptar las medidas t\u00e9cnicas y organizativas necesarias, seg\u00fan el nivel de seguridad adecuado al riesgo de los datos recogidos. Leyes que incorpora esta pol\u00edtica de privacidad Esta pol\u00edtica de [&hellip;]<\/p>\n","protected":false},"author":2,"featured_media":0,"parent":0,"menu_order":0,"comment_status":"closed","ping_status":"closed","template":"","meta":{"footnotes":""},"class_list":["post-421","page","type-page","status-publish","hentry"],"_links":{"self":[{"href":"https:\/\/casaotoch.com\/gl\/wp-json\/wp\/v2\/pages\/421","targetHints":{"allow":["GET"]}}],"collection":[{"href":"https:\/\/casaotoch.com\/gl\/wp-json\/wp\/v2\/pages"}],"about":[{"href":"https:\/\/casaotoch.com\/gl\/wp-json\/wp\/v2\/types\/page"}],"author":[{"embeddable":true,"href":"https:\/\/casaotoch.com\/gl\/wp-json\/wp\/v2\/users\/2"}],"replies":[{"embeddable":true,"href":"https:\/\/casaotoch.com\/gl\/wp-json\/wp\/v2\/comments?post=421"}],"version-history":[{"count":3,"href":"https:\/\/casaotoch.com\/gl\/wp-json\/wp\/v2\/pages\/421\/revisions"}],"predecessor-version":[{"id":17623,"href":"https:\/\/casaotoch.com\/gl\/wp-json\/wp\/v2\/pages\/421\/revisions\/17623"}],"wp:attachment":[{"href":"https:\/\/casaotoch.com\/gl\/wp-json\/wp\/v2\/media?parent=421"}],"curies":[{"name":"wp","href":"https:\/\/api.w.org\/{rel}","templated":true}]}}